{"id":20,"date":"2025-10-16T10:37:30","date_gmt":"2025-10-16T10:37:30","guid":{"rendered":"https:\/\/fitnotmyth.com\/?page_id=20"},"modified":"2025-12-25T18:42:26","modified_gmt":"2025-12-25T18:42:26","slug":"o-nama","status":"publish","type":"page","link":"https:\/\/fitnotmyth.com\/sr\/o-nama\/","title":{"rendered":"O nama"},"content":{"rendered":"<div data-elementor-type=\"wp-page\" data-elementor-id=\"20\" class=\"elementor elementor-20\" data-elementor-post-type=\"page\">\n\t\t\t\t\t\t<section class=\"elementor-section elementor-top-section elementor-element elementor-element-4a3e9c39 elementor-section-content-middle elementor-section-boxed elementor-section-height-default elementor-section-height-default\" data-id=\"4a3e9c39\" data-element_type=\"section\" data-settings=\"{&quot;background_background&quot;:&quot;classic&quot;,&quot;shape_divider_bottom&quot;:&quot;curve&quot;,&quot;shape_divider_bottom_negative&quot;:&quot;yes&quot;}\">\n\t\t\t\t\t<div class=\"elementor-shape elementor-shape-bottom\" aria-hidden=\"true\" data-negative=\"true\">\n\t\t\t<svg xmlns=\"http:\/\/www.w3.org\/2000\/svg\" viewbox=\"0 0 1000 100\" preserveaspectratio=\"none\">\n\t<path class=\"elementor-shape-fill\" d=\"M500,97C126.7,96.3,0.8,19.8,0,0v100l1000,0V1C1000,19.4,873.3,97.8,500,97z\"\/>\n<\/svg>\t\t<\/div>\n\t\t\t\t\t<div class=\"elementor-container elementor-column-gap-no\">\n\t\t\t\t\t<div class=\"elementor-column elementor-col-50 elementor-top-column elementor-element elementor-element-756f1673\" data-id=\"756f1673\" data-element_type=\"column\">\n\t\t\t<div class=\"elementor-widget-wrap elementor-element-populated\">\n\t\t\t\t\t\t<div class=\"elementor-element elementor-element-426b9f2e elementor-widget elementor-widget-image\" data-id=\"426b9f2e\" data-element_type=\"widget\" data-widget_type=\"image.default\">\n\t\t\t\t\t\t\t\t\t\t\t\t\t\t\t<img fetchpriority=\"high\" decoding=\"async\" width=\"768\" height=\"1024\" src=\"https:\/\/fitnotmyth.com\/wp-content\/uploads\/2025\/11\/WhatsApp-Image-2025-11-10-at-3.29.44-PM-768x1024.jpeg\" class=\"attachment-medium_large size-medium_large wp-image-156\" alt=\"\" srcset=\"https:\/\/fitnotmyth.com\/wp-content\/uploads\/2025\/11\/WhatsApp-Image-2025-11-10-at-3.29.44-PM-768x1024.jpeg 768w, https:\/\/fitnotmyth.com\/wp-content\/uploads\/2025\/11\/WhatsApp-Image-2025-11-10-at-3.29.44-PM-225x300.jpeg 225w, https:\/\/fitnotmyth.com\/wp-content\/uploads\/2025\/11\/WhatsApp-Image-2025-11-10-at-3.29.44-PM-1152x1536.jpeg 1152w, https:\/\/fitnotmyth.com\/wp-content\/uploads\/2025\/11\/WhatsApp-Image-2025-11-10-at-3.29.44-PM-9x12.jpeg 9w, https:\/\/fitnotmyth.com\/wp-content\/uploads\/2025\/11\/WhatsApp-Image-2025-11-10-at-3.29.44-PM.jpeg 1200w\" sizes=\"(max-width: 768px) 100vw, 768px\" \/>\t\t\t\t\t\t\t\t\t\t\t\t\t\t\t<\/div>\n\t\t\t\t\t<\/div>\n\t\t<\/div>\n\t\t\t\t<div class=\"elementor-column elementor-col-50 elementor-top-column elementor-element elementor-element-4c6262ef\" data-id=\"4c6262ef\" data-element_type=\"column\">\n\t\t\t<div class=\"elementor-widget-wrap elementor-element-populated\">\n\t\t\t\t\t\t<div class=\"elementor-element elementor-element-36ec1c7 elementor-widget elementor-widget-heading\" data-id=\"36ec1c7\" data-element_type=\"widget\" data-widget_type=\"heading.default\">\n\t\t\t\t\t<h1 class=\"elementor-heading-title elementor-size-default\">O nama<\/h1>\t\t\t\t<\/div>\n\t\t\t\t<div class=\"elementor-element elementor-element-57f93335 elementor-widget elementor-widget-text-editor\" data-id=\"57f93335\" data-element_type=\"widget\" data-widget_type=\"text-editor.default\">\n\t\t\t\t\t\t\t\t\t<p>Zdravo svima,<\/p><p>Moje ime je Nevena, a fitnotmyth.com je po\u010detna stanica inspiracije svima koji \u017eele da usvoje zdrave navike.<\/p><p>\u017divimo u svetu kontrasta zdravog na\u010dina \u017eivota. Dok medicina i nauka napreduju, a Internet preplavljuju saveti i recepti stru\u010dnjaka za mr\u0161avljenje, istra\u017eivanja pokazuju da \u0107e polovina nas na planeti biti gojazno do 2050. godine, uklju\u010duju\u0107i tre\u0107inu dece.<\/p><p>Pitanje je &#8211; Gde gre\u0161imo?<\/p><p>Ova stranica je upravo posve\u0107ena idejama kako da malim promenama prilagodimo na\u0161e navike zdravom na\u010dinu \u017eivota.<\/p>\t\t\t\t\t\t\t\t<\/div>\n\t\t\t\t<div class=\"elementor-element elementor-element-98a857f elementor-widget elementor-widget-heading\" data-id=\"98a857f\" data-element_type=\"widget\" data-widget_type=\"heading.default\">\n\t\t\t\t\t<h2 class=\"elementor-heading-title elementor-size-default\">Jer biti fit nije mit.<\/h2>\t\t\t\t<\/div>\n\t\t\t\t<div class=\"elementor-element elementor-element-598bdd21 elementor-widget elementor-widget-heading\" data-id=\"598bdd21\" data-element_type=\"widget\" data-widget_type=\"heading.default\">\n\t\t\t\t\t<span class=\"elementor-heading-title elementor-size-default\">- Nevena<\/span>\t\t\t\t<\/div>\n\t\t\t\t\t<\/div>\n\t\t<\/div>\n\t\t\t\t\t<\/div>\n\t\t<\/section>\n\t\t<div class=\"elementor-element elementor-element-c814ec3 e-flex e-con-boxed e-con e-parent\" data-id=\"c814ec3\" data-element_type=\"container\">\n\t\t\t\t\t<div class=\"e-con-inner\">\n\t\t\t\t<div class=\"elementor-element elementor-element-cd57477 elementor-widget elementor-widget-heading\" data-id=\"cd57477\" data-element_type=\"widget\" data-widget_type=\"heading.default\">\n\t\t\t\t\t<h2 class=\"elementor-heading-title elementor-size-default\">Nije savr\u0161en \u017eivotni stil \u2013 nego realan<\/h2>\t\t\t\t<\/div>\n\t\t\t\t\t<\/div>\n\t\t\t\t<\/div>\n\t\t<div class=\"elementor-element elementor-element-7c9f7f5 e-flex e-con-boxed e-con e-parent\" data-id=\"7c9f7f5\" data-element_type=\"container\">\n\t\t\t\t\t<div class=\"e-con-inner\">\n\t\t\t\t<div class=\"elementor-element elementor-element-bbbbb6b elementor-widget elementor-widget-text-editor\" data-id=\"bbbbb6b\" data-element_type=\"widget\" data-widget_type=\"text-editor.default\">\n\t\t\t\t\t\t\t\t\t<p data-start=\"49\" data-end=\"181\">Diplomirala sam na <strong>Fakultetu politi\u010dkih nauka u Beogradu<\/strong>.<br data-start=\"106\" data-end=\"109\" \/>Danas \u017eivim u predgra\u0111u Pariza sa suprugom, fan sam pe\u0161a\u010denja i kuvanja.<\/p><p data-start=\"183\" data-end=\"360\">Nisam nutricionista, fitnes trener niti bilo \u0161ta sli\u010dno ve\u0107, kao i ve\u0107ina, osoba sa stalnim nedostatkom slobodnog vremena koja se trudi da bude fit uz resurse koje zaista ima.<\/p><p data-start=\"362\" data-end=\"493\">\u2022 Kratki treninzi koje mo\u017ee\u0161 da uklopi\u0161 u dan.<br data-start=\"408\" data-end=\"411\" \/>\u2022 Jednostavni obroci iz obi\u010dne kuhinje.<br data-start=\"450\" data-end=\"453\" \/>\u2022 Bez savr\u0161enstva \u2013 samo iskrena praksa.<\/p>\t\t\t\t\t\t\t\t<\/div>\n\t\t\t\t\t<\/div>\n\t\t\t\t<\/div>\n\t\t\t\t<section class=\"elementor-section elementor-top-section elementor-element elementor-element-6f68b3d4 elementor-section-boxed elementor-section-height-default elementor-section-height-default\" data-id=\"6f68b3d4\" data-element_type=\"section\" data-settings=\"{&quot;background_background&quot;:&quot;classic&quot;}\">\n\t\t\t\t\t\t\t<div class=\"elementor-background-overlay\"><\/div>\n\t\t\t\t\t\t\t<div class=\"elementor-container elementor-column-gap-no\">\n\t\t\t\t\t<div class=\"elementor-column elementor-col-100 elementor-top-column elementor-element elementor-element-f518343\" data-id=\"f518343\" data-element_type=\"column\">\n\t\t\t<div class=\"elementor-widget-wrap elementor-element-populated\">\n\t\t\t\t\t\t<div class=\"elementor-element elementor-element-682b0a0 elementor-widget elementor-widget-qi_addons_for_elementor_section_title\" data-id=\"682b0a0\" data-element_type=\"widget\" data-widget_type=\"qi_addons_for_elementor_section_title.default\">\n\t\t\t\t<div class=\"elementor-widget-container\">\n\t\t\t\t\t<div class=\"qodef-shortcode qodef-m qodef-qi-section-title qodef-title-break--disabled qodef-decoration--italic qodef-link--underline-draw qodef-subtitle-icon--left\">\n\t\t\t\t\t\t<h2 class=\"qodef-m-title\">\n\t\t<span class=\"qodef-e-colored\">Najnovije<\/span> objave\t<\/h2>\n\t\t\t<\/div>\n\t\t\t\t<\/div>\n\t\t\t\t<\/div>\n\t\t\t\t<div class=\"elementor-element elementor-element-12018cd4 elementor-grid-2 elementor-posts--thumbnail-left elementor-posts--align-left elementor-grid-tablet-2 elementor-grid-mobile-1 elementor-widget elementor-widget-posts\" data-id=\"12018cd4\" data-element_type=\"widget\" data-settings=\"{&quot;classic_columns&quot;:&quot;2&quot;,&quot;classic_row_gap&quot;:{&quot;unit&quot;:&quot;px&quot;,&quot;size&quot;:50,&quot;sizes&quot;:[]},&quot;classic_columns_tablet&quot;:&quot;2&quot;,&quot;classic_columns_mobile&quot;:&quot;1&quot;,&quot;classic_row_gap_tablet&quot;:{&quot;unit&quot;:&quot;px&quot;,&quot;size&quot;:&quot;&quot;,&quot;sizes&quot;:[]},&quot;classic_row_gap_mobile&quot;:{&quot;unit&quot;:&quot;px&quot;,&quot;size&quot;:&quot;&quot;,&quot;sizes&quot;:[]}}\" data-widget_type=\"posts.classic\">\n\t\t\t\t<div class=\"elementor-widget-container\">\n\t\t\t\t\t\t\t<div class=\"elementor-posts-container elementor-posts elementor-posts--skin-classic elementor-grid\" role=\"list\">\n\t\t\t\t<article class=\"elementor-post elementor-grid-item post-212 post type-post status-publish format-standard has-post-thumbnail hentry category-tips-and-tricks\" role=\"listitem\">\n\t\t\t\t<a class=\"elementor-post__thumbnail__link\" href=\"https:\/\/fitnotmyth.com\/sr\/koja-je-svrha-ovog-bloga\/\" tabindex=\"-1\" >\n\t\t\t<div class=\"elementor-post__thumbnail\"><img decoding=\"async\" width=\"150\" height=\"150\" src=\"https:\/\/fitnotmyth.com\/wp-content\/uploads\/2026\/04\/fitnomyth-150x150.jpg\" class=\"attachment-thumbnail size-thumbnail wp-image-213\" alt=\"\" srcset=\"https:\/\/fitnotmyth.com\/wp-content\/uploads\/2026\/04\/fitnomyth-150x150.jpg 150w, https:\/\/fitnotmyth.com\/wp-content\/uploads\/2026\/04\/fitnomyth-650x650.jpg 650w\" sizes=\"(max-width: 150px) 100vw, 150px\" \/><\/div>\n\t\t<\/a>\n\t\t\t\t<div class=\"elementor-post__text\">\n\t\t\t\t<h3 class=\"elementor-post__title\">\n\t\t\t<a href=\"https:\/\/fitnotmyth.com\/sr\/koja-je-svrha-ovog-bloga\/\" >\n\t\t\t\tKoja je svrha ovog bloga?\t\t\t<\/a>\n\t\t<\/h3>\n\t\t\t\t<div class=\"elementor-post__meta-data\">\n\t\t\t\t\t<span class=\"elementor-post-date\">\n\t\t\t\u0430\u043f\u0440\u0438\u043b 2, 2026\t\t<\/span>\n\t\t\t\t<\/div>\n\t\t\t\t<\/div>\n\t\t\t\t<\/article>\n\t\t\t\t<article class=\"elementor-post elementor-grid-item post-116 post type-post status-publish format-standard has-post-thumbnail hentry category-tips-and-tricks\" role=\"listitem\">\n\t\t\t\t<a class=\"elementor-post__thumbnail__link\" href=\"https:\/\/fitnotmyth.com\/sr\/7-jednostavnih-saveta-za-zdraviji-zivot-svaki-dan\/\" tabindex=\"-1\" >\n\t\t\t<div class=\"elementor-post__thumbnail\"><img decoding=\"async\" width=\"150\" height=\"150\" src=\"https:\/\/fitnotmyth.com\/wp-content\/uploads\/2025\/10\/Healthy-Eating-Tips-150x150.png\" class=\"attachment-thumbnail size-thumbnail wp-image-138\" alt=\"\" srcset=\"https:\/\/fitnotmyth.com\/wp-content\/uploads\/2025\/10\/Healthy-Eating-Tips-150x150.png 150w, https:\/\/fitnotmyth.com\/wp-content\/uploads\/2025\/10\/Healthy-Eating-Tips-300x300.png 300w, https:\/\/fitnotmyth.com\/wp-content\/uploads\/2025\/10\/Healthy-Eating-Tips-1024x1024.png 1024w, https:\/\/fitnotmyth.com\/wp-content\/uploads\/2025\/10\/Healthy-Eating-Tips-768x768.png 768w, https:\/\/fitnotmyth.com\/wp-content\/uploads\/2025\/10\/Healthy-Eating-Tips-1536x1536.png 1536w, https:\/\/fitnotmyth.com\/wp-content\/uploads\/2025\/10\/Healthy-Eating-Tips-2048x2048.png 2048w, https:\/\/fitnotmyth.com\/wp-content\/uploads\/2025\/10\/Healthy-Eating-Tips-12x12.png 12w, https:\/\/fitnotmyth.com\/wp-content\/uploads\/2025\/10\/Healthy-Eating-Tips-650x650.png 650w, https:\/\/fitnotmyth.com\/wp-content\/uploads\/2025\/10\/Healthy-Eating-Tips-1300x1300.png 1300w\" sizes=\"(max-width: 150px) 100vw, 150px\" \/><\/div>\n\t\t<\/a>\n\t\t\t\t<div class=\"elementor-post__text\">\n\t\t\t\t<h3 class=\"elementor-post__title\">\n\t\t\t<a href=\"https:\/\/fitnotmyth.com\/sr\/7-jednostavnih-saveta-za-zdraviji-zivot-svaki-dan\/\" >\n\t\t\t\t7 Jednostavnih Saveta za Zdraviji \u017divot Svaki Dan\t\t\t<\/a>\n\t\t<\/h3>\n\t\t\t\t<div class=\"elementor-post__meta-data\">\n\t\t\t\t\t<span class=\"elementor-post-date\">\n\t\t\t16. oktobar 2025.\t\t<\/span>\n\t\t\t\t<\/div>\n\t\t\t\t<\/div>\n\t\t\t\t<\/article>\n\t\t\t\t<article class=\"elementor-post elementor-grid-item post-1 post type-post status-publish format-standard has-post-thumbnail hentry category-tips-and-tricks\" role=\"listitem\">\n\t\t\t\t<a class=\"elementor-post__thumbnail__link\" href=\"https:\/\/fitnotmyth.com\/sr\/kako-napraviti-balans-izmedu-posla-i-licnog-zivota\/\" tabindex=\"-1\" >\n\t\t\t<div class=\"elementor-post__thumbnail\"><img loading=\"lazy\" decoding=\"async\" width=\"150\" height=\"150\" src=\"https:\/\/fitnotmyth.com\/wp-content\/uploads\/2025\/10\/westerkerk-kings-day-2025-03-23-22-47-27-utc-150x150.png\" class=\"attachment-thumbnail size-thumbnail wp-image-117\" alt=\"\" srcset=\"https:\/\/fitnotmyth.com\/wp-content\/uploads\/2025\/10\/westerkerk-kings-day-2025-03-23-22-47-27-utc-150x150.png 150w, https:\/\/fitnotmyth.com\/wp-content\/uploads\/2025\/10\/westerkerk-kings-day-2025-03-23-22-47-27-utc-650x650.png 650w, https:\/\/fitnotmyth.com\/wp-content\/uploads\/2025\/10\/westerkerk-kings-day-2025-03-23-22-47-27-utc-1300x1300.png 1300w\" sizes=\"(max-width: 150px) 100vw, 150px\" \/><\/div>\n\t\t<\/a>\n\t\t\t\t<div class=\"elementor-post__text\">\n\t\t\t\t<h3 class=\"elementor-post__title\">\n\t\t\t<a href=\"https:\/\/fitnotmyth.com\/sr\/kako-napraviti-balans-izmedu-posla-i-licnog-zivota\/\" >\n\t\t\t\tKako Napraviti Balans izme\u0111u Posla i Li\u010dnog \u017divota: 6 Prakti\u010dnih Saveta\t\t\t<\/a>\n\t\t<\/h3>\n\t\t\t\t<div class=\"elementor-post__meta-data\">\n\t\t\t\t\t<span class=\"elementor-post-date\">\n\t\t\t16. oktobar 2025.\t\t<\/span>\n\t\t\t\t<\/div>\n\t\t\t\t<\/div>\n\t\t\t\t<\/article>\n\t\t\t\t<\/div>\n\t\t\n\t\t\t\t\t\t<\/div>\n\t\t\t\t<\/div>\n\t\t\t\t<div class=\"elementor-element elementor-element-1ca5787a elementor-widget elementor-widget-qi_addons_for_elementor_button\" data-id=\"1ca5787a\" data-element_type=\"widget\" data-widget_type=\"qi_addons_for_elementor_button.default\">\n\t\t\t\t<div class=\"elementor-widget-container\">\n\t\t\t\t\t<a class=\"qodef-shortcode qodef-m qodef-qi-button qodef-html--link qodef-layout--outlined qodef-type--inner-border qodef-size--full qodef-icon--right qodef-hover--icon-move-diagonal qodef-inner-border-hover--draw q-draw-center\" href=\"#\" target=\"_self\">\n\t<span class=\"qodef-m-text\">POgledajte sve objave<\/span>\n\t\t<div class=\"qodef-m-inner-border\">\n\t\t\t\t\t<span class=\"qodef-m-border-top\"><\/span>\n\t\t\t<span class=\"qodef-m-border-right\"><\/span>\n\t\t\t<span class=\"qodef-m-border-bottom\"><\/span>\n\t\t\t<span class=\"qodef-m-border-left\"><\/span>\n\t\t\t\t<\/div>\n\t\t\t<div class=\"qodef-m-inner-border qodef-m-inner-border-copy\">\n\t\t\t<span class=\"qodef-m-border-top\"><\/span>\n\t\t\t<span class=\"qodef-m-border-right\"><\/span>\n\t\t\t<span class=\"qodef-m-border-bottom\"><\/span>\n\t\t\t<span class=\"qodef-m-border-left\"><\/span>\n\t\t<\/div>\n\t\t<\/a>\n\t\t\t\t<\/div>\n\t\t\t\t<\/div>\n\t\t\t\t\t<\/div>\n\t\t<\/div>\n\t\t\t\t\t<\/div>\n\t\t<\/section>\n\t\t\t\t<\/div>","protected":false},"excerpt":{"rendered":"<p>O nama Zdravo svima, Moje ime je Nevena, a fitnotmyth.com je po\u010detna stanica inspiracije svima koji \u017eele da usvoje zdrave navike. \u017divimo u svetu kontrasta<\/p>","protected":false},"author":1,"featured_media":0,"parent":0,"menu_order":0,"comment_status":"closed","ping_status":"closed","template":"","meta":{"footnotes":""},"class_list":["post-20","page","type-page","status-publish","hentry"],"_hostinger_reach_plugin_has_subscription_block":false,"_hostinger_reach_plugin_is_elementor":false,"_links":{"self":[{"href":"https:\/\/fitnotmyth.com\/sr\/wp-json\/wp\/v2\/pages\/20","targetHints":{"allow":["GET"]}}],"collection":[{"href":"https:\/\/fitnotmyth.com\/sr\/wp-json\/wp\/v2\/pages"}],"about":[{"href":"https:\/\/fitnotmyth.com\/sr\/wp-json\/wp\/v2\/types\/page"}],"author":[{"embeddable":true,"href":"https:\/\/fitnotmyth.com\/sr\/wp-json\/wp\/v2\/users\/1"}],"replies":[{"embeddable":true,"href":"https:\/\/fitnotmyth.com\/sr\/wp-json\/wp\/v2\/comments?post=20"}],"version-history":[{"count":28,"href":"https:\/\/fitnotmyth.com\/sr\/wp-json\/wp\/v2\/pages\/20\/revisions"}],"predecessor-version":[{"id":203,"href":"https:\/\/fitnotmyth.com\/sr\/wp-json\/wp\/v2\/pages\/20\/revisions\/203"}],"wp:attachment":[{"href":"https:\/\/fitnotmyth.com\/sr\/wp-json\/wp\/v2\/media?parent=20"}],"curies":[{"name":"wp","href":"https:\/\/api.w.org\/{rel}","templated":true}]}}